{"id":79,"date":"2021-07-05T00:19:42","date_gmt":"2021-07-05T00:19:42","guid":{"rendered":"https:\/\/agremar.cl\/?page_id=79"},"modified":"2022-01-13T02:35:40","modified_gmt":"2022-01-13T02:35:40","slug":"elementor-79","status":"publish","type":"page","link":"https:\/\/agremar.cl\/","title":{"rendered":"INICIO"},"content":{"rendered":"\t\t<div data-elementor-type=\"wp-page\" data-elementor-id=\"79\" class=\"elementor elementor-79\" data-elementor-settings=\"[]\">\n\t\t\t\t\t\t\t<div class=\"elementor-section-wrap\">\n\t\t\t\t\t\t\t<section class=\"elementor-section elementor-top-section elementor-element elementor-element-1c5dd4e elementor-section-height-full elementor-reverse-tablet elementor-reverse-mobile elementor-section-boxed elementor-section-height-default elementor-section-items-middle\" data-id=\"1c5dd4e\" data-element_type=\"section\" data-settings=\"{&quot;background_background&quot;:&quot;slideshow&quot;,&quot;background_slideshow_gallery&quot;:[{&quot;id&quot;:360,&quot;url&quot;:&quot;https:\\\/\\\/agremar.cl\\\/wp-content\\\/uploads\\\/2021\\\/10\\\/Caracoles-Coliumo.jpg&quot;},{&quot;id&quot;:377,&quot;url&quot;:&quot;https:\\\/\\\/agremar.cl\\\/wp-content\\\/uploads\\\/2021\\\/10\\\/Caracoles-Coliumo-1.jpg&quot;}],&quot;background_slideshow_slide_duration&quot;:10000,&quot;background_slideshow_transition_duration&quot;:3000,&quot;background_slideshow_ken_burns&quot;:&quot;yes&quot;,&quot;background_slideshow_loop&quot;:&quot;yes&quot;,&quot;background_slideshow_slide_transition&quot;:&quot;fade&quot;,&quot;background_slideshow_ken_burns_zoom_direction&quot;:&quot;in&quot;}\">\n\t\t\t\t\t\t\t<div class=\"elementor-background-overlay\"><\/div>\n\t\t\t\t\t\t\t<div class=\"elementor-container elementor-column-gap-default\">\n\t\t\t\t\t<div class=\"elementor-column elementor-col-50 elementor-top-column elementor-element elementor-element-c15f58c\" data-id=\"c15f58c\" data-element_type=\"column\">\n\t\t\t<div class=\"elementor-widget-wrap elementor-element-populated\">\n\t\t\t\t\t\t\t\t<div class=\"elementor-element elementor-element-1da14ef content-align--mobilecta-default content-align-cta-default elementor-widget elementor-widget-eael-cta-box\" data-id=\"1da14ef\" data-element_type=\"widget\" data-widget_type=\"eael-cta-box.default\">\n\t\t\t\t<div class=\"elementor-widget-container\">\n\t\t\t\t\t<div class=\"eael-call-to-action bg-lite\">\n        <h2 class=\"title\">AGREMAR<\/h2><p><p>Asociaci\u00f3n Gremial de Mujeres de la Pesca Artesanal y el Borde Costero o su sigla AgreMar A.G nace en 2019<br \/>El objetivo de la asociaci\u00f3n es promover el desarrollo y protecci\u00f3n de la actividad com\u00fan de sus asociados<\/p><\/p><a href=\"https:\/\/agremar.cl\/index.php\/quienes-somos\/\" class=\"cta-button \">SEGUIR LEYENDO<\/a>\t<\/div>\n\t\t\t\t\t\t<\/div>\n\t\t\t\t<\/div>\n\t\t\t\t\t<\/div>\n\t\t<\/div>\n\t\t\t\t<div class=\"elementor-column elementor-col-50 elementor-top-column elementor-element elementor-element-456abd3\" data-id=\"456abd3\" data-element_type=\"column\">\n\t\t\t<div class=\"elementor-widget-wrap elementor-element-populated\">\n\t\t\t\t\t\t\t\t<div class=\"elementor-element elementor-element-8fa061a elementor-pagination-position-outside elementor-widget elementor-widget-image-carousel\" data-id=\"8fa061a\" data-element_type=\"widget\" data-settings=\"{&quot;slides_to_show&quot;:&quot;1&quot;,&quot;navigation&quot;:&quot;dots&quot;,&quot;autoplay&quot;:&quot;yes&quot;,&quot;pause_on_hover&quot;:&quot;yes&quot;,&quot;pause_on_interaction&quot;:&quot;yes&quot;,&quot;autoplay_speed&quot;:5000,&quot;infinite&quot;:&quot;yes&quot;,&quot;effect&quot;:&quot;slide&quot;,&quot;speed&quot;:500}\" data-widget_type=\"image-carousel.default\">\n\t\t\t\t<div class=\"elementor-widget-container\">\n\t\t\t\t\t<div class=\"elementor-image-carousel-wrapper swiper-container\" dir=\"ltr\">\n\t\t\t<div class=\"elementor-image-carousel swiper-wrapper\">\n\t\t\t\t\t\t\t\t<div class=\"swiper-slide\"><figure class=\"swiper-slide-inner\"><img decoding=\"async\" class=\"swiper-slide-image\" src=\"https:\/\/agremar.cl\/wp-content\/uploads\/2021\/10\/Mujer-orilla-de-Maule-1024x683.jpg\" alt=\"Mujer-orilla-de-Maule\" \/><\/figure><\/div><div class=\"swiper-slide\"><figure class=\"swiper-slide-inner\"><img decoding=\"async\" class=\"swiper-slide-image\" src=\"https:\/\/agremar.cl\/wp-content\/uploads\/2021\/10\/Charqueadora-Cocholgue-1024x684.jpg\" alt=\"Charqueadora Cocholg\u00fce\" \/><\/figure><\/div><div class=\"swiper-slide\"><figure class=\"swiper-slide-inner\"><img decoding=\"async\" class=\"swiper-slide-image\" src=\"https:\/\/agremar.cl\/wp-content\/uploads\/2021\/10\/Changai-Coliumo-1024x683.jpg\" alt=\"Changai Coliumo\" \/><\/figure><\/div><div class=\"swiper-slide\"><figure class=\"swiper-slide-inner\"><img decoding=\"async\" class=\"swiper-slide-image\" src=\"https:\/\/agremar.cl\/wp-content\/uploads\/2021\/10\/Mujer-orilla-de-Maule-1-1024x683.jpg\" alt=\"Mujer orilla de Maule\" \/><\/figure><\/div><div class=\"swiper-slide\"><figure class=\"swiper-slide-inner\"><img decoding=\"async\" class=\"swiper-slide-image\" src=\"https:\/\/agremar.cl\/wp-content\/uploads\/2021\/10\/DSC_0595.00_01_03_18.Imagen-fija005-1024x576.jpg\" alt=\"DSC_0595.00_01_03_18.Imagen fija005\" \/><\/figure><\/div><div class=\"swiper-slide\"><figure class=\"swiper-slide-inner\"><img decoding=\"async\" class=\"swiper-slide-image\" src=\"https:\/\/agremar.cl\/wp-content\/uploads\/2021\/10\/Mujer-recolectando-mariscos-1024x576.jpg\" alt=\"Mujer recolectando mariscos\" \/><\/figure><\/div><div class=\"swiper-slide\"><figure class=\"swiper-slide-inner\"><img decoding=\"async\" class=\"swiper-slide-image\" src=\"https:\/\/agremar.cl\/wp-content\/uploads\/2021\/10\/Charqueado-Coliumo-1024x576.jpg\" alt=\"Charqueado Coliumo\" \/><\/figure><\/div><div class=\"swiper-slide\"><figure class=\"swiper-slide-inner\"><img decoding=\"async\" class=\"swiper-slide-image\" src=\"https:\/\/agremar.cl\/wp-content\/uploads\/2021\/10\/Mujeres-recolectando-mariscos-1024x576.jpg\" alt=\"Mujeres recolectando mariscos\" \/><\/figure><\/div><div class=\"swiper-slide\"><figure class=\"swiper-slide-inner\"><img decoding=\"async\" class=\"swiper-slide-image\" src=\"https:\/\/agremar.cl\/wp-content\/uploads\/2021\/10\/DSC_0595.00_00_39_13.Imagen-fija007-1024x576.jpg\" alt=\"DSC_0595.00_00_39_13.Imagen fija007\" \/><\/figure><\/div>\t\t\t<\/div>\n\t\t\t\t\t\t\t\t\t\t\t\t<div class=\"swiper-pagination\"><\/div>\n\t\t\t\t\t\t\t\t\t\t\t\t\t<\/div>\n\t\t\t\t<\/div>\n\t\t\t\t<\/div>\n\t\t\t\t\t<\/div>\n\t\t<\/div>\n\t\t\t\t\t\t\t<\/div>\n\t\t<\/section>\n\t\t\t\t<section class=\"elementor-section elementor-top-section elementor-element elementor-element-9588261 elementor-section-boxed elementor-section-height-default elementor-section-height-default\" data-id=\"9588261\" data-element_type=\"section\" data-settings=\"{&quot;background_background&quot;:&quot;classic&quot;}\">\n\t\t\t\t\t\t<div class=\"elementor-container elementor-column-gap-default\">\n\t\t\t\t\t<div class=\"elementor-column elementor-col-100 elementor-top-column elementor-element elementor-element-2096c10\" data-id=\"2096c10\" data-element_type=\"column\">\n\t\t\t<div class=\"elementor-widget-wrap elementor-element-populated\">\n\t\t\t\t\t\t\t\t<div class=\"elementor-element elementor-element-d0390a4 elementor-widget elementor-widget-image\" data-id=\"d0390a4\" data-element_type=\"widget\" data-widget_type=\"image.default\">\n\t\t\t\t<div class=\"elementor-widget-container\">\n\t\t\t\t\t\t\t\t\t\t\t\t\t\t\t<img loading=\"lazy\" decoding=\"async\" width=\"1920\" height=\"6399\" src=\"https:\/\/agremar.cl\/wp-content\/uploads\/2022\/01\/infografia1.png\" class=\"attachment-full size-full\" alt=\"\" srcset=\"https:\/\/agremar.cl\/wp-content\/uploads\/2022\/01\/infografia1.png 1920w, https:\/\/agremar.cl\/wp-content\/uploads\/2022\/01\/infografia1-90x300.png 90w, https:\/\/agremar.cl\/wp-content\/uploads\/2022\/01\/infografia1-307x1024.png 307w, https:\/\/agremar.cl\/wp-content\/uploads\/2022\/01\/infografia1-768x2560.png 768w, https:\/\/agremar.cl\/wp-content\/uploads\/2022\/01\/infografia1-461x1536.png 461w\" sizes=\"auto, (max-width: 1920px) 100vw, 1920px\" \/>\t\t\t\t\t\t\t\t\t\t\t\t\t\t\t<\/div>\n\t\t\t\t<\/div>\n\t\t\t\t\t<\/div>\n\t\t<\/div>\n\t\t\t\t\t\t\t<\/div>\n\t\t<\/section>\n\t\t\t\t<section class=\"elementor-section elementor-top-section elementor-element elementor-element-fa20ec2 elementor-section-boxed elementor-section-height-default elementor-section-height-default\" data-id=\"fa20ec2\" data-element_type=\"section\" data-settings=\"{&quot;background_background&quot;:&quot;classic&quot;}\">\n\t\t\t\t\t\t<div class=\"elementor-container elementor-column-gap-default\">\n\t\t\t\t\t<div class=\"elementor-column elementor-col-100 elementor-top-column elementor-element elementor-element-76c44ec\" data-id=\"76c44ec\" data-element_type=\"column\">\n\t\t\t<div class=\"elementor-widget-wrap elementor-element-populated\">\n\t\t\t\t\t\t\t\t<div class=\"elementor-element elementor-element-0a5444f elementor-widget elementor-widget-image\" data-id=\"0a5444f\" data-element_type=\"widget\" data-widget_type=\"image.default\">\n\t\t\t\t<div class=\"elementor-widget-container\">\n\t\t\t\t\t\t\t\t\t\t\t\t\t\t\t<img loading=\"lazy\" decoding=\"async\" width=\"1920\" height=\"7356\" src=\"https:\/\/agremar.cl\/wp-content\/uploads\/2022\/01\/infografia2.png\" class=\"attachment-full size-full\" alt=\"\" srcset=\"https:\/\/agremar.cl\/wp-content\/uploads\/2022\/01\/infografia2.png 1920w, https:\/\/agremar.cl\/wp-content\/uploads\/2022\/01\/infografia2-78x300.png 78w, https:\/\/agremar.cl\/wp-content\/uploads\/2022\/01\/infografia2-267x1024.png 267w, https:\/\/agremar.cl\/wp-content\/uploads\/2022\/01\/infografia2-768x2942.png 768w, https:\/\/agremar.cl\/wp-content\/uploads\/2022\/01\/infografia2-401x1536.png 401w\" sizes=\"auto, (max-width: 1920px) 100vw, 1920px\" \/>\t\t\t\t\t\t\t\t\t\t\t\t\t\t\t<\/div>\n\t\t\t\t<\/div>\n\t\t\t\t<div class=\"elementor-element elementor-element-05a03b1 elementor-widget elementor-widget-image\" data-id=\"05a03b1\" data-element_type=\"widget\" data-widget_type=\"image.default\">\n\t\t\t\t<div class=\"elementor-widget-container\">\n\t\t\t\t\t\t\t\t\t\t\t\t\t\t\t<img loading=\"lazy\" decoding=\"async\" width=\"1920\" height=\"7356\" src=\"https:\/\/agremar.cl\/wp-content\/uploads\/2022\/01\/infografia2.png\" class=\"attachment-full size-full\" alt=\"\" srcset=\"https:\/\/agremar.cl\/wp-content\/uploads\/2022\/01\/infografia2.png 1920w, https:\/\/agremar.cl\/wp-content\/uploads\/2022\/01\/infografia2-78x300.png 78w, https:\/\/agremar.cl\/wp-content\/uploads\/2022\/01\/infografia2-267x1024.png 267w, https:\/\/agremar.cl\/wp-content\/uploads\/2022\/01\/infografia2-768x2942.png 768w, https:\/\/agremar.cl\/wp-content\/uploads\/2022\/01\/infografia2-401x1536.png 401w\" sizes=\"auto, (max-width: 1920px) 100vw, 1920px\" \/>\t\t\t\t\t\t\t\t\t\t\t\t\t\t\t<\/div>\n\t\t\t\t<\/div>\n\t\t\t\t\t<\/div>\n\t\t<\/div>\n\t\t\t\t\t\t\t<\/div>\n\t\t<\/section>\n\t\t\t\t<section class=\"elementor-section elementor-top-section elementor-element elementor-element-411bafa elementor-section-boxed elementor-section-height-default elementor-section-height-default\" data-id=\"411bafa\" data-element_type=\"section\" data-settings=\"{&quot;background_background&quot;:&quot;classic&quot;}\">\n\t\t\t\t\t\t<div class=\"elementor-container elementor-column-gap-default\">\n\t\t\t\t\t<div class=\"elementor-column elementor-col-100 elementor-top-column elementor-element elementor-element-d50bdcb\" data-id=\"d50bdcb\" data-element_type=\"column\" data-settings=\"{&quot;background_background&quot;:&quot;classic&quot;}\">\n\t\t\t<div class=\"elementor-widget-wrap elementor-element-populated\">\n\t\t\t\t\t\t\t\t<div class=\"elementor-element elementor-element-eff4e5e elementor-shape-circle e-grid-align-right elementor-grid-mobile-0 e-grid-align-tablet-center e-grid-align-mobile-center elementor-grid-0 elementor-widget elementor-widget-social-icons\" data-id=\"eff4e5e\" data-element_type=\"widget\" data-widget_type=\"social-icons.default\">\n\t\t\t\t<div class=\"elementor-widget-container\">\n\t\t\t\t\t<div class=\"elementor-social-icons-wrapper elementor-grid\">\n\t\t\t\t\t\t\t<span class=\"elementor-grid-item\">\n\t\t\t\t\t<a class=\"elementor-icon elementor-social-icon elementor-social-icon-facebook elementor-repeater-item-7bb47e8\" target=\"_blank\">\n\t\t\t\t\t\t<span class=\"elementor-screen-only\">Facebook<\/span>\n\t\t\t\t\t\t<i class=\"fab fa-facebook\"><\/i>\t\t\t\t\t<\/a>\n\t\t\t\t<\/span>\n\t\t\t\t\t\t\t<span class=\"elementor-grid-item\">\n\t\t\t\t\t<a class=\"elementor-icon elementor-social-icon elementor-social-icon-twitter elementor-repeater-item-10fc9b0\" target=\"_blank\">\n\t\t\t\t\t\t<span class=\"elementor-screen-only\">Twitter<\/span>\n\t\t\t\t\t\t<i class=\"fab fa-twitter\"><\/i>\t\t\t\t\t<\/a>\n\t\t\t\t<\/span>\n\t\t\t\t\t\t\t<span class=\"elementor-grid-item\">\n\t\t\t\t\t<a class=\"elementor-icon elementor-social-icon elementor-social-icon-youtube elementor-repeater-item-dfa9996\" target=\"_blank\">\n\t\t\t\t\t\t<span class=\"elementor-screen-only\">Youtube<\/span>\n\t\t\t\t\t\t<i class=\"fab fa-youtube\"><\/i>\t\t\t\t\t<\/a>\n\t\t\t\t<\/span>\n\t\t\t\t\t<\/div>\n\t\t\t\t<\/div>\n\t\t\t\t<\/div>\n\t\t\t\t<div class=\"elementor-element elementor-element-d9736eb elementor-widget elementor-widget-copyright\" data-id=\"d9736eb\" data-element_type=\"widget\" data-settings=\"{&quot;align&quot;:&quot;center&quot;}\" data-widget_type=\"copyright.default\">\n\t\t\t\t<div class=\"elementor-widget-container\">\n\t\t\t\t\t<div class=\"hfe-copyright-wrapper\">\n\t\t\t\t\t\t\t<a href=\"https:\/\/redeshost.cl\/\">\n\t\t\t\t\t<span>Copyright \u00a9 2026 Agremar | Desarrollado por RedesHostCL<\/span>\n\t\t\t\t<\/a>\n\t\t\t\t\t<\/div>\n\t\t\t\t<\/div>\n\t\t\t\t<\/div>\n\t\t\t\t\t<\/div>\n\t\t<\/div>\n\t\t\t\t\t\t\t<\/div>\n\t\t<\/section>\n\t\t\t\t\t\t<\/div>\n\t\t\t\t\t<\/div>\n\t\t","protected":false},"excerpt":{"rendered":"<p>AGREMAR Asociaci\u00f3n Gremial de Mujeres de la Pesca Artesanal y el Borde Costero o su sigla AgreMar A.G nace en 2019El objetivo de la asociaci\u00f3n es promover el desarrollo y protecci\u00f3n de la actividad com\u00fan de sus asociados SEGUIR LEYENDO Facebook Twitter Youtube Copyright \u00a9 | Desarrollado por RedesHostCL<\/p>\n","protected":false},"author":1,"featured_media":0,"parent":0,"menu_order":0,"comment_status":"closed","ping_status":"closed","template":"","meta":{"site-sidebar-layout":"no-sidebar","site-content-layout":"page-builder","ast-main-header-display":"","ast-hfb-above-header-display":"","ast-hfb-below-header-display":"","ast-hfb-mobile-header-display":"","site-post-title":"disabled","ast-breadcrumbs-content":"","ast-featured-img":"disabled","footer-sml-layout":"","theme-transparent-header-meta":"default","adv-header-id-meta":"","stick-header-meta":"","header-above-stick-meta":"","header-main-stick-meta":"","header-below-stick-meta":"","footnotes":""},"class_list":["post-79","page","type-page","status-publish","hentry"],"_links":{"self":[{"href":"https:\/\/agremar.cl\/index.php\/wp-json\/wp\/v2\/pages\/79","targetHints":{"allow":["GET"]}}],"collection":[{"href":"https:\/\/agremar.cl\/index.php\/wp-json\/wp\/v2\/pages"}],"about":[{"href":"https:\/\/agremar.cl\/index.php\/wp-json\/wp\/v2\/types\/page"}],"author":[{"embeddable":true,"href":"https:\/\/agremar.cl\/index.php\/wp-json\/wp\/v2\/users\/1"}],"replies":[{"embeddable":true,"href":"https:\/\/agremar.cl\/index.php\/wp-json\/wp\/v2\/comments?post=79"}],"version-history":[{"count":121,"href":"https:\/\/agremar.cl\/index.php\/wp-json\/wp\/v2\/pages\/79\/revisions"}],"predecessor-version":[{"id":1145,"href":"https:\/\/agremar.cl\/index.php\/wp-json\/wp\/v2\/pages\/79\/revisions\/1145"}],"wp:attachment":[{"href":"https:\/\/agremar.cl\/index.php\/wp-json\/wp\/v2\/media?parent=79"}],"curies":[{"name":"wp","href":"https:\/\/api.w.org\/{rel}","templated":true}]}}